{"id":86,"date":"2019-12-28T13:08:11","date_gmt":"2019-12-28T12:08:11","guid":{"rendered":"http:\/\/samreingmbh.de\/?page_id=86"},"modified":"2022-10-03T13:39:08","modified_gmt":"2022-10-03T11:39:08","slug":"impressum","status":"publish","type":"page","link":"https:\/\/samreingmbh.de\/?page_id=86","title":{"rendered":"Impressum"},"content":{"rendered":"<p>[et_pb_section fb_built=&#8220;1&#8243; admin_label=&#8220;Hero Section&#8220; _builder_version=&#8220;3.22&#8243; custom_padding=&#8220;0|0px|0px|0px&#8220; global_colors_info=&#8220;{}&#8220;][et_pb_row column_structure=&#8220;1_2,1_2&#8243; use_custom_gutter=&#8220;on&#8220; make_equal=&#8220;on&#8220; _builder_version=&#8220;4.10.7&#8243; width=&#8220;100%&#8220; max_width=&#8220;100%&#8220; custom_margin=&#8220;|auto|-90px|auto||&#8220; custom_padding=&#8220;0px|0|0px|||&#8220; use_custom_width=&#8220;on&#8220; width_unit=&#8220;off&#8220; custom_width_percent=&#8220;100%&#8220; global_colors_info=&#8220;{}&#8220;][et_pb_column type=&#8220;1_2&#8243; _builder_version=&#8220;3.25&#8243; custom_padding=&#8220;200px|4%|200px|8%&#8220; custom_padding_tablet=&#8220;60px|10%|60px|10%&#8220; custom_padding_phone=&#8220;&#8220; custom_padding_last_edited=&#8220;on|tablet&#8220; global_colors_info=&#8220;{}&#8220; padding_tablet=&#8220;60px|10%|60px|10%&#8220; padding_last_edited=&#8220;on|tablet&#8220; custom_padding__hover=&#8220;|||&#8220;][et_pb_text _builder_version=&#8220;4.0.9&#8243; text_font=&#8220;Karla||||||||&#8220; text_font_size=&#8220;18px&#8220; text_line_height=&#8220;1.8em&#8220; header_font=&#8220;Cormorant Garamond||||||||&#8220; header_font_size=&#8220;56px&#8220; header_line_height=&#8220;1.4em&#8220; max_width=&#8220;600px&#8220; min_height=&#8220;85px&#8220; header_font_size_tablet=&#8220;40px&#8220; header_font_size_phone=&#8220;&#8220; header_font_size_last_edited=&#8220;on|tablet&#8220; locked=&#8220;off&#8220; global_colors_info=&#8220;{}&#8220;]<\/p>\n<h1>Impressum<\/h1>\n<p>[\/et_pb_text][\/et_pb_column][et_pb_column type=&#8220;1_2&#8243; _builder_version=&#8220;4.10.7&#8243; background_color=&#8220;#121212&#8243; use_background_color_gradient=&#8220;on&#8220; background_color_gradient_start=&#8220;rgba(18,18,18,0.5)&#8220; background_color_gradient_end=&#8220;#121212&#8243; background_color_gradient_overlays_image=&#8220;on&#8220; background_image=&#8220;https:\/\/samreingmbh.de\/wp-content\/uploads\/2021\/04\/AdobeStock_157255292-scaled.jpeg&#8220; custom_padding=&#8220;100px||100px|&#8220; custom_padding_tablet=&#8220;60px||60px|&#8220; custom_padding_phone=&#8220;&#8220; custom_padding_last_edited=&#8220;on|desktop&#8220; global_colors_info=&#8220;{}&#8220; padding_tablet=&#8220;60px||60px|&#8220; padding_last_edited=&#8220;on|desktop&#8220; custom_padding__hover=&#8220;|||&#8220;][et_pb_divider show_divider=&#8220;off&#8220; _builder_version=&#8220;3.2&#8243; height=&#8220;100px&#8220; global_colors_info=&#8220;{}&#8220;][\/et_pb_divider][et_pb_text _builder_version=&#8220;4.10.7&#8243; _module_preset=&#8220;default&#8220; min_height=&#8220;22px&#8220; custom_padding=&#8220;149px||0px|||&#8220; global_colors_info=&#8220;{}&#8220;]<\/p>\n<p style=\"text-align: right;\"><span style=\"color: #ffffff;\">guy<b>\/<\/b>stock.adobe.com<\/span><\/p>\n<p>[\/et_pb_text][\/et_pb_column][\/et_pb_row][\/et_pb_section][et_pb_section fb_built=&#8220;1&#8243; admin_label=&#8220;Services&#8220; _builder_version=&#8220;3.22&#8243; background_color=&#8220;#121212&#8243; custom_padding=&#8220;100px|0px|100px|0px&#8220; global_colors_info=&#8220;{}&#8220;][et_pb_row _builder_version=&#8220;3.25&#8243; custom_margin=&#8220;|||&#8220; custom_padding=&#8220;|||&#8220; animation_style=&#8220;slide&#8220; animation_direction=&#8220;bottom&#8220; animation_intensity_slide=&#8220;6%&#8220; global_colors_info=&#8220;{}&#8220;][et_pb_column type=&#8220;4_4&#8243; _builder_version=&#8220;3.25&#8243; custom_padding=&#8220;|||&#8220; global_colors_info=&#8220;{}&#8220; custom_padding__hover=&#8220;|||&#8220;][et_pb_blurb icon_placement=&#8220;left&#8220; image_max_width=&#8220;76px&#8220; content_max_width=&#8220;100%&#8220; admin_label=&#8220;Informationstext&#8220; _builder_version=&#8220;4.10.7&#8243; header_font=&#8220;Cormorant Garamond||||||||&#8220; header_font_size=&#8220;32px&#8220; body_font=&#8220;Karla||||||||&#8220; body_text_color=&#8220;rgba(255,255,255,0.7)&#8220; body_font_size=&#8220;18px&#8220; body_line_height=&#8220;1.8em&#8220; background_layout=&#8220;dark&#8220; custom_margin=&#8220;20px|||||&#8220; animation=&#8220;off&#8220; hover_enabled=&#8220;0&#8243; global_colors_info=&#8220;{}&#8220; sticky_enabled=&#8220;0&#8243;]<\/p>\n<h3>Angaben gem\u00e4\u00df \u00a7 5 TMG<\/h3>\n<p>SAMREIN GmbH<br \/>Oscar-Walcker-Str. 26<br \/>71636 Ludwigsburg<\/p>\n<p>Handelsregister: HRB 761001<br \/>Registergericht:\u00a0Amtsgericht Stuttgart<\/p>\n<p><strong>Vertreten durch:<\/strong><br \/>Vladislav Voitsekhovskii<br \/>Gesch\u00e4ftsf\u00fchrer<\/p>\n<p>&nbsp;<\/p>\n<h3>Kontakt<\/h3>\n<p>Telefon: +49 (0)7141 473 204 0<br \/>E-Mail: info@samrein.de<\/p>\n<p>&nbsp;<\/p>\n<h3>Umsatzsteuer-ID<\/h3>\n<p>Umsatzsteuer-Identifikationsnummer gem\u00e4\u00df \u00a727 a Umsatzsteuergesetz:<br \/>DE3122883763<\/p>\n<p>&nbsp;<\/p>\n<h3>Aufsichtsbeh\u00f6rde<\/h3>\n<p>Landratsamt Ludwigsburg<br \/>Hindenburgstra\u00dfe 40<br \/>71638 Ludwigsburg<\/p>\n<p><a href=\"https:\/\/www.landkreis-ludwigsburg.de\">https:\/\/www.landkreis-ludwigsburg.de<\/a><\/p>\n<p>&nbsp;<\/p>\n<h3>Angaben zur Berufshaftpflichtversicherung<\/h3>\n<p><strong>Name und Sitz des Versicherers:<\/strong><br \/>R+V Allgemeine Versicherung AG<br \/>Mittlerer Pfad 24<br \/>70499 Stuttgart<\/p>\n<p><strong>Geltungsraum der Versicherung:<\/strong><br \/>Deutschland<\/p>\n<p>&nbsp;<\/p>\n<h3>Streitschlichtung<\/h3>\n<p>Die Europ\u00e4ische Kommission stellt eine Plattform zur Online-Streitbeilegung (OS) bereit: <a href=\"https:\/\/ec.europa.eu\/consumers\/odr\" target=\"_blank\" rel=\"noopener noreferrer\">https:\/\/ec.europa.eu\/consumers\/odr<\/a>.<br \/>Unsere E-Mail-Adresse finden Sie oben im Impressum.<\/p>\n<p>Wir sind nicht bereit oder verpflichtet, an Streitbeilegungsverfahren vor einer Verbraucherschlichtungsstelle teilzunehmen.<\/p>\n<p>&nbsp;<\/p>\n<h4>Haftung f\u00fcr Inhalte<\/h4>\n<p>Als Diensteanbieter sind wir gem\u00e4\u00df \u00a7 7 Abs.1 TMG f\u00fcr eigene Inhalte auf diesen Seiten nach den allgemeinen Gesetzen verantwortlich. Nach \u00a7\u00a7 8 bis 10 TMG sind wir als Diensteanbieter jedoch nicht verpflichtet, \u00fcbermittelte oder gespeicherte fremde Informationen zu \u00fcberwachen oder nach Umst\u00e4nden zu forschen, die auf eine rechtswidrige T\u00e4tigkeit hinweisen.<\/p>\n<p>Verpflichtungen zur Entfernung oder Sperrung der Nutzung von Informationen nach den allgemeinen Gesetzen bleiben hiervon unber\u00fchrt. Eine diesbez\u00fcgliche Haftung ist jedoch erst ab dem Zeitpunkt der Kenntnis einer konkreten Rechtsverletzung m\u00f6glich. Bei Bekanntwerden von entsprechenden Rechtsverletzungen werden wir diese Inhalte umgehend entfernen.<\/p>\n<p>&nbsp;<\/p>\n<h4>Haftung f\u00fcr Links<\/h4>\n<p>Unser Angebot enth\u00e4lt Links zu externen Websites Dritter, auf deren Inhalte wir keinen Einfluss haben. Deshalb k\u00f6nnen wir f\u00fcr diese fremden Inhalte auch keine Gew\u00e4hr \u00fcbernehmen. F\u00fcr die Inhalte der verlinkten Seiten ist stets der jeweilige Anbieter oder Betreiber der Seiten verantwortlich. Die verlinkten Seiten wurden zum Zeitpunkt der Verlinkung auf m\u00f6gliche Rechtsverst\u00f6\u00dfe \u00fcberpr\u00fcft. Rechtswidrige Inhalte waren zum Zeitpunkt der Verlinkung nicht erkennbar.<\/p>\n<p>Eine permanente inhaltliche Kontrolle der verlinkten Seiten ist jedoch ohne konkrete Anhaltspunkte einer Rechtsverletzung nicht zumutbar. Bei Bekanntwerden von Rechtsverletzungen werden wir derartige Links umgehend entfernen.<\/p>\n<p>&nbsp;<\/p>\n<h4>Urheberrecht<\/h4>\n<p>Die durch die Seitenbetreiber erstellten Inhalte und Werke auf diesen Seiten unterliegen dem deutschen Urheberrecht. Die Vervielf\u00e4ltigung, Bearbeitung, Verbreitung und jede Art der Verwertung au\u00dferhalb der Grenzen des Urheberrechtes bed\u00fcrfen der schriftlichen Zustimmung des jeweiligen Autors bzw. Erstellers. Downloads und Kopien dieser Seite sind nur f\u00fcr den privaten, nicht kommerziellen Gebrauch gestattet.<\/p>\n<p>Soweit die Inhalte auf dieser Seite nicht vom Betreiber erstellt wurden, werden die Urheberrechte Dritter beachtet. Insbesondere werden Inhalte Dritter als solche gekennzeichnet. Sollten Sie trotzdem auf eine Urheberrechtsverletzung aufmerksam werden, bitten wir um einen entsprechenden Hinweis. Bei Bekanntwerden von Rechtsverletzungen werden wir derartige Inhalte umgehend entfernen.<\/p>\n<p>&nbsp;<\/p>\n<h4>Bildnachweis<\/h4>\n<table style=\"width: 895px;\" cellspacing=\"0\" cellpadding=\"0\">\n<tbody>\n<tr>\n<td style=\"width: 209.484375px;\" valign=\"middle\"><span style=\"color: #ffffff; font-family: 'Helvetica Neue'; font-size: medium;\"><b>Bild<\/b><\/span><\/td>\n<td style=\"width: 234.53125px;\" valign=\"middle\"><span style=\"color: #ffffff; font-family: 'Helvetica Neue'; font-size: medium;\"><b>Bildnummer<\/b><\/span><\/td>\n<td style=\"width: 230.53125px;\" valign=\"middle\"><span style=\"color: #ffffff; font-family: 'Helvetica Neue'; font-size: medium;\"><b>Urheber<\/b><\/span><\/td>\n<td style=\"width: 210.484375px;\" valign=\"middle\"><span style=\"color: #ffffff; font-family: 'Helvetica Neue'; font-size: medium;\"><b>Quelle<\/b><\/span><\/td>\n<\/tr>\n<tr>\n<td style=\"width: 209.484375px;\" valign=\"middle\"><span style=\"color: #ffffff; font-family: 'Helvetica Neue'; font-size: medium;\">Home<\/span><\/td>\n<td style=\"width: 234.53125px;\" valign=\"middle\"><span style=\"color: #a6a005;\"><a style=\"color: #a6a005;\" href=\"https:\/\/stock.adobe.com\/de\/images\/vergleich-einer-altbau-sanierung-vorher-nachher\/275098807\"><span style=\"font-family: 'Helvetica Neue'; font-size: medium;\">#275098807<\/span><\/a><\/span><\/td>\n<td style=\"width: 230.53125px;\" valign=\"middle\"><span style=\"color: #ffffff; font-family: 'Helvetica Neue'; font-size: medium;\">traveldia<\/span><\/td>\n<td style=\"width: 210.484375px;\" valign=\"middle\"><span style=\"color: #000000; font-family: Helvetica Neue; font-size: medium;\"><a href=\"http:\/\/stock.adobe.com\/\"><u>stock.adobe.com<\/u><u><\/u><\/a><\/span><\/td>\n<\/tr>\n<tr>\n<td style=\"width: 209.484375px;\" valign=\"middle\"><span style=\"color: #ffffff; font-family: 'Helvetica Neue'; font-size: medium;\">\u00dcber Uns<\/span><\/td>\n<td style=\"width: 234.53125px;\" valign=\"middle\"><span style=\"color: #a6a005;\"><a style=\"color: #a6a005;\" href=\"https:\/\/stock.adobe.com\/de\/images\/renovierung-vorher-nachher\/134490998\"><span style=\"font-family: 'Helvetica Neue'; font-size: medium;\">#134490998<\/span><\/a><\/span><\/td>\n<td style=\"width: 230.53125px;\" valign=\"middle\"><span style=\"color: #ffffff; font-family: 'Helvetica Neue'; font-size: medium;\">by-studio<\/span><\/td>\n<td style=\"width: 210.484375px;\" valign=\"middle\"><span style=\"color: #000000; font-family: Helvetica Neue; font-size: medium;\"><a href=\"http:\/\/stock.adobe.com\/\"><u>stock.adobe.com<\/u><u><\/u><\/a><\/span><\/td>\n<\/tr>\n<tr>\n<td style=\"width: 209.484375px;\" valign=\"middle\"><span style=\"color: #ffffff; font-family: 'Helvetica Neue'; font-size: medium;\">Service<\/span><\/td>\n<td style=\"width: 234.53125px;\" valign=\"middle\"><span style=\"color: #a6a005;\"><a style=\"color: #a6a005;\" href=\"https:\/\/stock.adobe.com\/de\/images\/projet-immobilier\/157255292\"><span style=\"font-family: 'Helvetica Neue'; font-size: medium;\">#157255292<\/span><\/a><\/span><\/td>\n<td style=\"width: 230.53125px;\" valign=\"middle\"><span style=\"color: #ffffff; font-family: 'Helvetica Neue'; font-size: medium;\">guy<\/span><\/td>\n<td style=\"width: 210.484375px;\" valign=\"middle\"><span style=\"color: #000000; font-family: Helvetica Neue; font-size: medium;\"><a href=\"http:\/\/stock.adobe.com\/\"><u>stock.adobe.com<\/u><u><\/u><\/a><\/span><\/td>\n<\/tr>\n<tr>\n<td style=\"width: 209.484375px;\" valign=\"middle\"><span style=\"color: #ffffff; font-family: 'Helvetica Neue'; font-size: medium;\">Service (Was Samrein macht)<\/span><\/td>\n<td style=\"width: 234.53125px;\" valign=\"middle\"><span style=\"color: #a6a005;\"><a style=\"color: #a6a005;\" href=\"https:\/\/stock.adobe.com\/de\/images\/fliesenleger-bei-der-arbeit-haus-umbau-oder-renovierung\/299559191\"><span style=\"font-family: 'Helvetica Neue'; font-size: medium;\">#299559191<\/span><\/a><\/span><\/td>\n<td style=\"width: 230.53125px;\" valign=\"middle\"><span style=\"color: #ffffff; font-family: 'Helvetica Neue'; font-size: medium;\">karepa<\/span><\/td>\n<td style=\"width: 210.484375px;\" valign=\"middle\"><span style=\"color: #000000; font-family: Helvetica Neue; font-size: medium;\"><a href=\"http:\/\/stock.adobe.com\/\"><u>stock.adobe.com<\/u><u><\/u><\/a><\/span><\/td>\n<\/tr>\n<tr>\n<td style=\"width: 209.484375px;\" valign=\"middle\"><span style=\"color: #ffffff; font-family: 'Helvetica Neue'; font-size: medium;\">Team<\/span><\/td>\n<td style=\"width: 234.53125px;\" valign=\"middle\"><span style=\"color: #a6a005;\"><a style=\"color: #a6a005;\" href=\"https:\/\/stock.adobe.com\/de\/images\/architect-and-colleague-examining-blueprint-at-construction-site\/315980124\"><span style=\"font-family: 'Helvetica Neue'; font-size: medium;\">#315980124<\/span><\/a><\/span><\/td>\n<td style=\"width: 230.53125px;\" valign=\"middle\"><span style=\"color: #ffffff; font-family: 'Helvetica Neue'; font-size: medium;\">Hero Images\/Hero Images<\/span><\/td>\n<td style=\"width: 210.484375px;\" valign=\"middle\"><span style=\"color: #000000; font-family: Helvetica Neue; font-size: medium;\"><a href=\"http:\/\/stock.adobe.com\/\"><u>stock.adobe.com<\/u><u><\/u><\/a><\/span><\/td>\n<\/tr>\n<tr>\n<td style=\"width: 209.484375px;\" valign=\"middle\"><span style=\"color: #ffffff; font-family: 'Helvetica Neue'; font-size: medium;\">Kontakt<\/span><\/td>\n<td style=\"width: 234.53125px;\" valign=\"middle\"><span style=\"color: #a6a005;\"><a style=\"color: #a6a005;\" href=\"https:\/\/stock.adobe.com\/de\/images\/projet-immobilier\/157255292\"><span style=\"font-family: 'Helvetica Neue'; font-size: medium;\">#157255292<\/span><\/a><\/span><\/td>\n<td style=\"width: 230.53125px;\" valign=\"middle\"><span style=\"color: #ffffff; font-family: 'Helvetica Neue'; font-size: medium;\">guy<\/span><\/td>\n<td style=\"width: 210.484375px;\" valign=\"middle\"><span style=\"color: #000000; font-family: Helvetica Neue; font-size: medium;\"><a href=\"http:\/\/stock.adobe.com\/\"><u>stock.adobe.com<\/u><u><\/u><\/a><\/span><\/td>\n<\/tr>\n<tr>\n<td style=\"width: 209.484375px;\" valign=\"middle\"><span style=\"color: #ffffff; font-family: 'Helvetica Neue'; font-size: medium;\">Impressum<\/span><\/td>\n<td style=\"width: 234.53125px;\" valign=\"middle\"><span style=\"color: #a6a005;\"><a style=\"color: #a6a005;\" href=\"https:\/\/stock.adobe.com\/de\/images\/projet-immobilier\/157255292\"><span style=\"font-family: 'Helvetica Neue'; font-size: medium;\">#157255292<\/span><\/a><\/span><\/td>\n<td style=\"width: 230.53125px;\" valign=\"middle\"><span style=\"color: #ffffff; font-family: 'Helvetica Neue'; font-size: medium;\">guy<\/span><\/td>\n<td style=\"width: 210.484375px;\" valign=\"middle\"><span style=\"color: #000000; font-family: Helvetica Neue; font-size: medium;\"><a href=\"http:\/\/stock.adobe.com\/\"><u>stock.adobe.com<\/u><u><\/u><\/a><\/span><\/td>\n<\/tr>\n<tr>\n<td style=\"width: 209.484375px;\" valign=\"middle\"><span style=\"color: #ffffff; font-family: 'Helvetica Neue'; font-size: medium;\">Datenschutz<\/span><\/td>\n<td style=\"width: 234.53125px;\" valign=\"middle\"><span style=\"color: #a6a005;\"><a style=\"color: #a6a005;\" href=\"https:\/\/stock.adobe.com\/de\/images\/projet-immobilier\/157255292\"><span style=\"font-family: 'Helvetica Neue'; font-size: medium;\">#157255292<\/span><\/a><\/span><\/td>\n<td style=\"width: 230.53125px;\" valign=\"middle\"><span style=\"color: #ffffff; font-family: 'Helvetica Neue'; font-size: medium;\">guy<\/span><\/td>\n<td style=\"width: 210.484375px;\" valign=\"middle\"><span style=\"color: #000000; font-family: Helvetica Neue; font-size: medium;\"><a href=\"http:\/\/stock.adobe.com\/\"><u>stock.adobe.com<\/u><u><\/u><\/a><\/span><\/td>\n<\/tr>\n<\/tbody>\n<\/table>\n<p>[\/et_pb_blurb][\/et_pb_column][\/et_pb_row][\/et_pb_section]<\/p>\n","protected":false},"excerpt":{"rendered":"<p>Impressumguy\/stock.adobe.comAngaben gem\u00e4\u00df \u00a7 5 TMG SAMREIN GmbHOscar-Walcker-Str. 2671636 Ludwigsburg Handelsregister: HRB 761001Registergericht:\u00a0Amtsgericht Stuttgart Vertreten durch:Vladislav VoitsekhovskiiGesch\u00e4ftsf\u00fchrer &nbsp; Kontakt Telefon: +49 (0)7141 473 204 0E-Mail: info@samrein.de &nbsp; Umsatzsteuer-ID Umsatzsteuer-Identifikationsnummer gem\u00e4\u00df \u00a727 a Umsatzsteuergesetz:DE3122883763 &nbsp; Aufsichtsbeh\u00f6rde Landratsamt LudwigsburgHindenburgstra\u00dfe 4071638 Ludwigsburg https:\/\/www.landkreis-ludwigsburg.de &nbsp; Angaben zur Berufshaftpflichtversicherung Name und Sitz des Versicherers:R+V Allgemeine Versicherung AGMittlerer Pfad 2470499 Stuttgart Geltungsraum [&hellip;]<\/p>\n","protected":false},"author":1,"featured_media":0,"parent":0,"menu_order":0,"comment_status":"closed","ping_status":"closed","template":"","meta":{"_et_pb_use_builder":"on","_et_pb_old_content":"","_et_gb_content_width":""},"_links":{"self":[{"href":"https:\/\/samreingmbh.de\/index.php?rest_route=\/wp\/v2\/pages\/86"}],"collection":[{"href":"https:\/\/samreingmbh.de\/index.php?rest_route=\/wp\/v2\/pages"}],"about":[{"href":"https:\/\/samreingmbh.de\/index.php?rest_route=\/wp\/v2\/types\/page"}],"author":[{"embeddable":true,"href":"https:\/\/samreingmbh.de\/index.php?rest_route=\/wp\/v2\/users\/1"}],"replies":[{"embeddable":true,"href":"https:\/\/samreingmbh.de\/index.php?rest_route=%2Fwp%2Fv2%2Fcomments&post=86"}],"version-history":[{"count":21,"href":"https:\/\/samreingmbh.de\/index.php?rest_route=\/wp\/v2\/pages\/86\/revisions"}],"predecessor-version":[{"id":207331,"href":"https:\/\/samreingmbh.de\/index.php?rest_route=\/wp\/v2\/pages\/86\/revisions\/207331"}],"wp:attachment":[{"href":"https:\/\/samreingmbh.de\/index.php?rest_route=%2Fwp%2Fv2%2Fmedia&parent=86"}],"curies":[{"name":"wp","href":"https:\/\/api.w.org\/{rel}","templated":true}]}}